{"id":817,"date":"2024-11-12T14:40:57","date_gmt":"2024-11-12T13:40:57","guid":{"rendered":"https:\/\/www.grandchamp78.fr\/?page_id=817"},"modified":"2025-07-07T15:55:20","modified_gmt":"2025-07-07T13:55:20","slug":"bibliotheque","status":"publish","type":"page","link":"https:\/\/www.grandchamp78.fr\/index.php\/bibliotheque\/","title":{"rendered":"Biblioth\u00e8que"},"content":{"rendered":"\n<p class=\"ticss-eb4822f5\">La biblioth\u00e8que des 3 communes Grandchamp &#8211; La Hauteville &#8211; Le Tartre Gaudran se situe dans la mairie de la Hauteville, \u00e0 l&rsquo;\u00e9tage.<\/p>\n\n\n\n<p class=\"ticss-93f208a7\">Accessible aux habitants des 3 communes et des villages environnants, elle est ouverte le samedi et le dimanche de 11h00 \u00e0 12h00.<\/p>\n\n\n\n<p>Adh\u00e9sion 10 euros par an et par adulte, 5 euros pour le 2\u00e8me adulte, gratuit pour les moins de 18 ans.<\/p>\n","protected":false},"excerpt":{"rendered":"<p>La biblioth\u00e8que des 3 communes Grandchamp &#8211; La Hauteville &#8211; Le Tartre Gaudran se situe dans la mairie de la Hauteville, \u00e0 l&rsquo;\u00e9tage. Accessible aux habitants des 3 communes et des villages environnants, elle est ouverte le samedi et le dimanche de 11h00 \u00e0 12h00. Adh\u00e9sion 10 euros par an et par adulte, 5 euros [&hellip;]<\/p>\n","protected":false},"author":1,"featured_media":0,"parent":0,"menu_order":0,"comment_status":"closed","ping_status":"closed","template":"","meta":{"_themeisle_gutenberg_block_has_review":false,"footnotes":""},"class_list":["post-817","page","type-page","status-publish","hentry"],"_links":{"self":[{"href":"https:\/\/www.grandchamp78.fr\/index.php\/wp-json\/wp\/v2\/pages\/817","targetHints":{"allow":["GET"]}}],"collection":[{"href":"https:\/\/www.grandchamp78.fr\/index.php\/wp-json\/wp\/v2\/pages"}],"about":[{"href":"https:\/\/www.grandchamp78.fr\/index.php\/wp-json\/wp\/v2\/types\/page"}],"author":[{"embeddable":true,"href":"https:\/\/www.grandchamp78.fr\/index.php\/wp-json\/wp\/v2\/users\/1"}],"replies":[{"embeddable":true,"href":"https:\/\/www.grandchamp78.fr\/index.php\/wp-json\/wp\/v2\/comments?post=817"}],"version-history":[{"count":4,"href":"https:\/\/www.grandchamp78.fr\/index.php\/wp-json\/wp\/v2\/pages\/817\/revisions"}],"predecessor-version":[{"id":1118,"href":"https:\/\/www.grandchamp78.fr\/index.php\/wp-json\/wp\/v2\/pages\/817\/revisions\/1118"}],"wp:attachment":[{"href":"https:\/\/www.grandchamp78.fr\/index.php\/wp-json\/wp\/v2\/media?parent=817"}],"curies":[{"name":"wp","href":"https:\/\/api.w.org\/{rel}","templated":true}]}}