{"id":441,"date":"2024-10-07T11:43:57","date_gmt":"2024-10-07T09:43:57","guid":{"rendered":"https:\/\/www.grandchamp78.fr\/?page_id=441"},"modified":"2026-04-10T19:18:45","modified_gmt":"2026-04-10T17:18:45","slug":"salle-polyvalente","status":"publish","type":"page","link":"https:\/\/www.grandchamp78.fr\/index.php\/salle-polyvalente\/","title":{"rendered":"Salle polyvalente"},"content":{"rendered":"\n<figure class=\"wp-block-gallery has-nested-images columns-default is-cropped wp-block-gallery-1 is-layout-flex wp-block-gallery-is-layout-flex\">\n<figure data-wp-context=\"{&quot;imageId&quot;:&quot;69ef720558287&quot;}\" data-wp-interactive=\"core\/image\" data-wp-key=\"69ef720558287\" class=\"wp-block-image size-large wp-lightbox-container\"><img loading=\"lazy\" decoding=\"async\" width=\"1024\" height=\"768\" data-wp-class--hide=\"state.isContentHidden\" data-wp-class--show=\"state.isContentVisible\" data-wp-init=\"callbacks.setButtonStyles\" data-wp-on--click=\"actions.showLightbox\" data-wp-on--load=\"callbacks.setButtonStyles\" data-wp-on-window--resize=\"callbacks.setButtonStyles\" data-id=\"450\" src=\"https:\/\/www.grandchamp78.fr\/wp-content\/uploads\/2024\/10\/salle-polyvalente-2-1024x768.jpg\" alt=\"\" class=\"wp-image-450\" srcset=\"https:\/\/www.grandchamp78.fr\/wp-content\/uploads\/2024\/10\/salle-polyvalente-2-1024x768.jpg 1024w, https:\/\/www.grandchamp78.fr\/wp-content\/uploads\/2024\/10\/salle-polyvalente-2-300x225.jpg 300w, https:\/\/www.grandchamp78.fr\/wp-content\/uploads\/2024\/10\/salle-polyvalente-2-768x576.jpg 768w, https:\/\/www.grandchamp78.fr\/wp-content\/uploads\/2024\/10\/salle-polyvalente-2.jpg 1280w\" sizes=\"auto, (max-width: 1024px) 100vw, 1024px\" \/><button\n\t\t\tclass=\"lightbox-trigger\"\n\t\t\ttype=\"button\"\n\t\t\taria-haspopup=\"dialog\"\n\t\t\taria-label=\"Agrandir\"\n\t\t\tdata-wp-init=\"callbacks.initTriggerButton\"\n\t\t\tdata-wp-on--click=\"actions.showLightbox\"\n\t\t\tdata-wp-style--right=\"state.imageButtonRight\"\n\t\t\tdata-wp-style--top=\"state.imageButtonTop\"\n\t\t>\n\t\t\t<svg xmlns=\"http:\/\/www.w3.org\/2000\/svg\" width=\"12\" height=\"12\" fill=\"none\" viewBox=\"0 0 12 12\">\n\t\t\t\t<path fill=\"#fff\" d=\"M2 0a2 2 0 0 0-2 2v2h1.5V2a.5.5 0 0 1 .5-.5h2V0H2Zm2 10.5H2a.5.5 0 0 1-.5-.5V8H0v2a2 2 0 0 0 2 2h2v-1.5ZM8 12v-1.5h2a.5.5 0 0 0 .5-.5V8H12v2a2 2 0 0 1-2 2H8Zm2-12a2 2 0 0 1 2 2v2h-1.5V2a.5.5 0 0 0-.5-.5H8V0h2Z\" \/>\n\t\t\t<\/svg>\n\t\t<\/button><\/figure>\n\n\n\n<figure data-wp-context=\"{&quot;imageId&quot;:&quot;69ef72055870c&quot;}\" data-wp-interactive=\"core\/image\" data-wp-key=\"69ef72055870c\" class=\"wp-block-image size-medium wp-lightbox-container\"><img loading=\"lazy\" decoding=\"async\" width=\"300\" height=\"225\" data-wp-class--hide=\"state.isContentHidden\" data-wp-class--show=\"state.isContentVisible\" data-wp-init=\"callbacks.setButtonStyles\" data-wp-on--click=\"actions.showLightbox\" data-wp-on--load=\"callbacks.setButtonStyles\" data-wp-on-window--resize=\"callbacks.setButtonStyles\" data-id=\"449\" src=\"https:\/\/www.grandchamp78.fr\/wp-content\/uploads\/2024\/10\/salle-polyvalente-1-300x225.jpg\" alt=\"\" class=\"wp-image-449\" srcset=\"https:\/\/www.grandchamp78.fr\/wp-content\/uploads\/2024\/10\/salle-polyvalente-1-300x225.jpg 300w, https:\/\/www.grandchamp78.fr\/wp-content\/uploads\/2024\/10\/salle-polyvalente-1-768x576.jpg 768w, https:\/\/www.grandchamp78.fr\/wp-content\/uploads\/2024\/10\/salle-polyvalente-1.jpg 1024w\" sizes=\"auto, (max-width: 300px) 100vw, 300px\" \/><button\n\t\t\tclass=\"lightbox-trigger\"\n\t\t\ttype=\"button\"\n\t\t\taria-haspopup=\"dialog\"\n\t\t\taria-label=\"Agrandir\"\n\t\t\tdata-wp-init=\"callbacks.initTriggerButton\"\n\t\t\tdata-wp-on--click=\"actions.showLightbox\"\n\t\t\tdata-wp-style--right=\"state.imageButtonRight\"\n\t\t\tdata-wp-style--top=\"state.imageButtonTop\"\n\t\t>\n\t\t\t<svg xmlns=\"http:\/\/www.w3.org\/2000\/svg\" width=\"12\" height=\"12\" fill=\"none\" viewBox=\"0 0 12 12\">\n\t\t\t\t<path fill=\"#fff\" d=\"M2 0a2 2 0 0 0-2 2v2h1.5V2a.5.5 0 0 1 .5-.5h2V0H2Zm2 10.5H2a.5.5 0 0 1-.5-.5V8H0v2a2 2 0 0 0 2 2h2v-1.5ZM8 12v-1.5h2a.5.5 0 0 0 .5-.5V8H12v2a2 2 0 0 1-2 2H8Zm2-12a2 2 0 0 1 2 2v2h-1.5V2a.5.5 0 0 0-.5-.5H8V0h2Z\" \/>\n\t\t\t<\/svg>\n\t\t<\/button><\/figure>\n\n\n\n<figure data-wp-context=\"{&quot;imageId&quot;:&quot;69ef720558acd&quot;}\" data-wp-interactive=\"core\/image\" data-wp-key=\"69ef720558acd\" class=\"wp-block-image size-large wp-lightbox-container\"><img loading=\"lazy\" decoding=\"async\" width=\"1024\" height=\"768\" data-wp-class--hide=\"state.isContentHidden\" data-wp-class--show=\"state.isContentVisible\" data-wp-init=\"callbacks.setButtonStyles\" data-wp-on--click=\"actions.showLightbox\" data-wp-on--load=\"callbacks.setButtonStyles\" data-wp-on-window--resize=\"callbacks.setButtonStyles\" data-id=\"448\" src=\"https:\/\/www.grandchamp78.fr\/wp-content\/uploads\/2024\/10\/salle-polyvalente-cuisine-3.jpg\" alt=\"\" class=\"wp-image-448\" srcset=\"https:\/\/www.grandchamp78.fr\/wp-content\/uploads\/2024\/10\/salle-polyvalente-cuisine-3.jpg 1024w, https:\/\/www.grandchamp78.fr\/wp-content\/uploads\/2024\/10\/salle-polyvalente-cuisine-3-300x225.jpg 300w, https:\/\/www.grandchamp78.fr\/wp-content\/uploads\/2024\/10\/salle-polyvalente-cuisine-3-768x576.jpg 768w\" sizes=\"auto, (max-width: 1024px) 100vw, 1024px\" \/><button\n\t\t\tclass=\"lightbox-trigger\"\n\t\t\ttype=\"button\"\n\t\t\taria-haspopup=\"dialog\"\n\t\t\taria-label=\"Agrandir\"\n\t\t\tdata-wp-init=\"callbacks.initTriggerButton\"\n\t\t\tdata-wp-on--click=\"actions.showLightbox\"\n\t\t\tdata-wp-style--right=\"state.imageButtonRight\"\n\t\t\tdata-wp-style--top=\"state.imageButtonTop\"\n\t\t>\n\t\t\t<svg xmlns=\"http:\/\/www.w3.org\/2000\/svg\" width=\"12\" height=\"12\" fill=\"none\" viewBox=\"0 0 12 12\">\n\t\t\t\t<path fill=\"#fff\" d=\"M2 0a2 2 0 0 0-2 2v2h1.5V2a.5.5 0 0 1 .5-.5h2V0H2Zm2 10.5H2a.5.5 0 0 1-.5-.5V8H0v2a2 2 0 0 0 2 2h2v-1.5ZM8 12v-1.5h2a.5.5 0 0 0 .5-.5V8H12v2a2 2 0 0 1-2 2H8Zm2-12a2 2 0 0 1 2 2v2h-1.5V2a.5.5 0 0 0-.5-.5H8V0h2Z\" \/>\n\t\t\t<\/svg>\n\t\t<\/button><\/figure>\n\n\n\n<figure data-wp-context=\"{&quot;imageId&quot;:&quot;69ef720558e72&quot;}\" data-wp-interactive=\"core\/image\" data-wp-key=\"69ef720558e72\" class=\"wp-block-image size-large wp-lightbox-container\"><img loading=\"lazy\" decoding=\"async\" width=\"1024\" height=\"768\" data-wp-class--hide=\"state.isContentHidden\" data-wp-class--show=\"state.isContentVisible\" data-wp-init=\"callbacks.setButtonStyles\" data-wp-on--click=\"actions.showLightbox\" data-wp-on--load=\"callbacks.setButtonStyles\" data-wp-on-window--resize=\"callbacks.setButtonStyles\" data-id=\"447\" src=\"https:\/\/www.grandchamp78.fr\/wp-content\/uploads\/2024\/10\/salle-polyvalente-cuisine-2.jpg\" alt=\"\" class=\"wp-image-447\" srcset=\"https:\/\/www.grandchamp78.fr\/wp-content\/uploads\/2024\/10\/salle-polyvalente-cuisine-2.jpg 1024w, https:\/\/www.grandchamp78.fr\/wp-content\/uploads\/2024\/10\/salle-polyvalente-cuisine-2-300x225.jpg 300w, https:\/\/www.grandchamp78.fr\/wp-content\/uploads\/2024\/10\/salle-polyvalente-cuisine-2-768x576.jpg 768w\" sizes=\"auto, (max-width: 1024px) 100vw, 1024px\" \/><button\n\t\t\tclass=\"lightbox-trigger\"\n\t\t\ttype=\"button\"\n\t\t\taria-haspopup=\"dialog\"\n\t\t\taria-label=\"Agrandir\"\n\t\t\tdata-wp-init=\"callbacks.initTriggerButton\"\n\t\t\tdata-wp-on--click=\"actions.showLightbox\"\n\t\t\tdata-wp-style--right=\"state.imageButtonRight\"\n\t\t\tdata-wp-style--top=\"state.imageButtonTop\"\n\t\t>\n\t\t\t<svg xmlns=\"http:\/\/www.w3.org\/2000\/svg\" width=\"12\" height=\"12\" fill=\"none\" viewBox=\"0 0 12 12\">\n\t\t\t\t<path fill=\"#fff\" d=\"M2 0a2 2 0 0 0-2 2v2h1.5V2a.5.5 0 0 1 .5-.5h2V0H2Zm2 10.5H2a.5.5 0 0 1-.5-.5V8H0v2a2 2 0 0 0 2 2h2v-1.5ZM8 12v-1.5h2a.5.5 0 0 0 .5-.5V8H12v2a2 2 0 0 1-2 2H8Zm2-12a2 2 0 0 1 2 2v2h-1.5V2a.5.5 0 0 0-.5-.5H8V0h2Z\" \/>\n\t\t\t<\/svg>\n\t\t<\/button><\/figure>\n\n\n\n<figure data-wp-context=\"{&quot;imageId&quot;:&quot;69ef720559200&quot;}\" data-wp-interactive=\"core\/image\" data-wp-key=\"69ef720559200\" class=\"wp-block-image size-large wp-lightbox-container\"><img loading=\"lazy\" decoding=\"async\" width=\"1024\" height=\"768\" data-wp-class--hide=\"state.isContentHidden\" data-wp-class--show=\"state.isContentVisible\" data-wp-init=\"callbacks.setButtonStyles\" data-wp-on--click=\"actions.showLightbox\" data-wp-on--load=\"callbacks.setButtonStyles\" data-wp-on-window--resize=\"callbacks.setButtonStyles\" data-id=\"446\" src=\"https:\/\/www.grandchamp78.fr\/wp-content\/uploads\/2024\/10\/salle-polyvalente-cuisine-1.jpg\" alt=\"\" class=\"wp-image-446\" srcset=\"https:\/\/www.grandchamp78.fr\/wp-content\/uploads\/2024\/10\/salle-polyvalente-cuisine-1.jpg 1024w, https:\/\/www.grandchamp78.fr\/wp-content\/uploads\/2024\/10\/salle-polyvalente-cuisine-1-300x225.jpg 300w, https:\/\/www.grandchamp78.fr\/wp-content\/uploads\/2024\/10\/salle-polyvalente-cuisine-1-768x576.jpg 768w\" sizes=\"auto, (max-width: 1024px) 100vw, 1024px\" \/><button\n\t\t\tclass=\"lightbox-trigger\"\n\t\t\ttype=\"button\"\n\t\t\taria-haspopup=\"dialog\"\n\t\t\taria-label=\"Agrandir\"\n\t\t\tdata-wp-init=\"callbacks.initTriggerButton\"\n\t\t\tdata-wp-on--click=\"actions.showLightbox\"\n\t\t\tdata-wp-style--right=\"state.imageButtonRight\"\n\t\t\tdata-wp-style--top=\"state.imageButtonTop\"\n\t\t>\n\t\t\t<svg xmlns=\"http:\/\/www.w3.org\/2000\/svg\" width=\"12\" height=\"12\" fill=\"none\" viewBox=\"0 0 12 12\">\n\t\t\t\t<path fill=\"#fff\" d=\"M2 0a2 2 0 0 0-2 2v2h1.5V2a.5.5 0 0 1 .5-.5h2V0H2Zm2 10.5H2a.5.5 0 0 1-.5-.5V8H0v2a2 2 0 0 0 2 2h2v-1.5ZM8 12v-1.5h2a.5.5 0 0 0 .5-.5V8H12v2a2 2 0 0 1-2 2H8Zm2-12a2 2 0 0 1 2 2v2h-1.5V2a.5.5 0 0 0-.5-.5H8V0h2Z\" \/>\n\t\t\t<\/svg>\n\t\t<\/button><\/figure>\n<\/figure>\n\n\n\n<p>La salle, qui mesure 12m70 sur 7m80, est lou\u00e9e avec tables et chaises.<\/p>\n\n\n\n<h2 class=\"wp-block-heading\">Tarifs<\/h2>\n\n\n\n<p>Tarifs de location de la salle et la cuisine, fr\u00e9quentation limit\u00e9e \u00e0 100 personnes maximum.<br>Une ch\u00e8que de caution de 1000 euros est demand\u00e9, la location est ferme et d\u00e9finitive.<\/p>\n\n\n\n<figure class=\"wp-block-table is-style-regular\"><table class=\"has-fixed-layout\"><tbody><tr><td class=\"has-text-align-left\" data-align=\"left\">R\u00e9sidents<\/td><td><\/td><\/tr><tr><td class=\"has-text-align-left\" data-align=\"left\">Week-end*<\/td><td>250 euros<\/td><\/tr><tr><td class=\"has-text-align-left\" data-align=\"left\">Non r\u00e9sidents<\/td><td><\/td><\/tr><tr><td class=\"has-text-align-left\" data-align=\"left\">Week-end*<\/td><td>600 euros<\/td><\/tr><tr><td class=\"has-text-align-left\" data-align=\"left\">R\u00e9veillon de No\u00ebl et du jour de l&rsquo;an<\/td><td>700 euros<\/td><\/tr><\/tbody><\/table><figcaption class=\"wp-element-caption\">* Week-end : salle disponible du samedi au dimanche 18h00, nettoyage inclus<\/figcaption><\/figure>\n\n\n\n<p><\/p>\n\n\n\n<figure class=\"wp-block-table\"><table class=\"has-fixed-layout\"><tbody><tr><td>Forfaits suppl\u00e9mentaires<\/td><td><\/td><\/tr><tr><td>Verres<\/td><td>20 euros<\/td><\/tr><tr><td>Vaisselle<\/td><td>40 euros<\/td><\/tr><tr><td>Couverts<\/td><td>20 euros<\/td><\/tr><tr><td>Sono<\/td><td>80 euros<\/td><\/tr><tr><td>Nettoyage<\/td><td>160 euros<\/td><\/tr><tr><td>D\u00e9pannage<\/td><td>130 euros<\/td><\/tr><tr><td>Vaisselle cass\u00e9e<\/td><td>2 euros \/ objet cass\u00e9<\/td><\/tr><tr><td>Mat\u00e9riel cass\u00e9 ou perdu<br>&#8211; table<br>&#8211; chaise<br>&#8211; banc<\/td><td><br>200 euros<br>50 euros<br>80 euros<\/td><\/tr><\/tbody><\/table><\/figure>\n\n\n\n<p><\/p>\n\n\n\n<h2 class=\"wp-block-heading\">Planning des r\u00e9servations<\/h2>\n\n\n\n<figure class=\"wp-block-table is-style-stripes\"><table class=\"has-fixed-layout\"><tbody><tr><td class=\"has-text-align-center\" data-align=\"center\">Mois<\/td><td class=\"has-text-align-center\" data-align=\"center\">R\u00e9servations<\/td><\/tr><tr><td class=\"has-text-align-center\" data-align=\"center\">Avril 2026<\/td><td class=\"has-text-align-center\" data-align=\"center\">Samedi 18 et dimanche 19<\/td><\/tr><tr><td class=\"has-text-align-center\" data-align=\"center\">Mai 2026<\/td><td class=\"has-text-align-center\" data-align=\"center\">Samedi 30 et dimanche 31<\/td><\/tr><tr><td class=\"has-text-align-center\" data-align=\"center\">Juin 2026<\/td><td class=\"has-text-align-center\" data-align=\"center\">Samedi 6 et dimanche 7<br>Samedi 13 et dimanche 14<br>Samedi 27 et dimanche 28<\/td><\/tr><tr><td class=\"has-text-align-center\" data-align=\"center\">Juillet 2026<\/td><td class=\"has-text-align-center\" data-align=\"center\">Samedi 25 et dimanche 26<\/td><\/tr><tr><td class=\"has-text-align-center\" data-align=\"center\">Ao\u00fbt 2026<\/td><td class=\"has-text-align-center\" data-align=\"center\">Samedi 29 et dimanche 30<\/td><\/tr><tr><td class=\"has-text-align-center\" data-align=\"center\">Septembre 2026<\/td><td class=\"has-text-align-center\" data-align=\"center\">Samedi 5 et dimanche 6<br>Samedi 26 et dimanche 27<\/td><\/tr><tr><td class=\"has-text-align-center\" data-align=\"center\">D\u00e9cembre 2026<\/td><td class=\"has-text-align-center\" data-align=\"center\">Samedi 5 et dimanche 6<\/td><\/tr><\/tbody><\/table><\/figure>\n\n\n\n<p><\/p>\n\n\n\n<p><\/p>\n","protected":false},"excerpt":{"rendered":"<p>La salle, qui mesure 12m70 sur 7m80, est lou\u00e9e avec tables et chaises. Tarifs Tarifs de location de la salle et la cuisine, fr\u00e9quentation limit\u00e9e \u00e0 100 personnes maximum.Une ch\u00e8que de caution de 1000 euros est demand\u00e9, la location est ferme et d\u00e9finitive. R\u00e9sidents Week-end* 250 euros Non r\u00e9sidents Week-end* 600 euros R\u00e9veillon de No\u00ebl [&hellip;]<\/p>\n","protected":false},"author":1,"featured_media":0,"parent":0,"menu_order":0,"comment_status":"closed","ping_status":"closed","template":"","meta":{"_themeisle_gutenberg_block_has_review":false,"footnotes":""},"class_list":["post-441","page","type-page","status-publish","hentry"],"_links":{"self":[{"href":"https:\/\/www.grandchamp78.fr\/index.php\/wp-json\/wp\/v2\/pages\/441","targetHints":{"allow":["GET"]}}],"collection":[{"href":"https:\/\/www.grandchamp78.fr\/index.php\/wp-json\/wp\/v2\/pages"}],"about":[{"href":"https:\/\/www.grandchamp78.fr\/index.php\/wp-json\/wp\/v2\/types\/page"}],"author":[{"embeddable":true,"href":"https:\/\/www.grandchamp78.fr\/index.php\/wp-json\/wp\/v2\/users\/1"}],"replies":[{"embeddable":true,"href":"https:\/\/www.grandchamp78.fr\/index.php\/wp-json\/wp\/v2\/comments?post=441"}],"version-history":[{"count":39,"href":"https:\/\/www.grandchamp78.fr\/index.php\/wp-json\/wp\/v2\/pages\/441\/revisions"}],"predecessor-version":[{"id":1413,"href":"https:\/\/www.grandchamp78.fr\/index.php\/wp-json\/wp\/v2\/pages\/441\/revisions\/1413"}],"wp:attachment":[{"href":"https:\/\/www.grandchamp78.fr\/index.php\/wp-json\/wp\/v2\/media?parent=441"}],"curies":[{"name":"wp","href":"https:\/\/api.w.org\/{rel}","templated":true}]}}