{"id":392,"date":"2024-10-06T21:55:37","date_gmt":"2024-10-06T19:55:37","guid":{"rendered":"https:\/\/www.grandchamp78.fr\/?page_id=392"},"modified":"2024-10-07T11:40:36","modified_gmt":"2024-10-07T09:40:36","slug":"bruit","status":"publish","type":"page","link":"https:\/\/www.grandchamp78.fr\/index.php\/bruit\/","title":{"rendered":"Bruit"},"content":{"rendered":"\n<p>Les travaux bruyants r\u00e9alis\u00e9s par des particuliers sont autoris\u00e9s :<\/p>\n\n\n\n<ul class=\"wp-block-list\">\n<li>du lundi au vendredi de 8h30 \u00e0 12h00 et de 14h00 \u00e0 19h30<\/li>\n\n\n\n<li>le samedi de 9h00 \u00e0 12h00 et de 15h00 \u00e0 19h00<\/li>\n\n\n\n<li>le dimanche de 10h00 \u00e0 12h00<\/li>\n<\/ul>\n","protected":false},"excerpt":{"rendered":"<p>Les travaux bruyants r\u00e9alis\u00e9s par des particuliers sont autoris\u00e9s :<\/p>\n","protected":false},"author":1,"featured_media":0,"parent":0,"menu_order":0,"comment_status":"closed","ping_status":"closed","template":"","meta":{"_themeisle_gutenberg_block_has_review":false,"footnotes":""},"class_list":["post-392","page","type-page","status-publish","hentry"],"_links":{"self":[{"href":"https:\/\/www.grandchamp78.fr\/index.php\/wp-json\/wp\/v2\/pages\/392","targetHints":{"allow":["GET"]}}],"collection":[{"href":"https:\/\/www.grandchamp78.fr\/index.php\/wp-json\/wp\/v2\/pages"}],"about":[{"href":"https:\/\/www.grandchamp78.fr\/index.php\/wp-json\/wp\/v2\/types\/page"}],"author":[{"embeddable":true,"href":"https:\/\/www.grandchamp78.fr\/index.php\/wp-json\/wp\/v2\/users\/1"}],"replies":[{"embeddable":true,"href":"https:\/\/www.grandchamp78.fr\/index.php\/wp-json\/wp\/v2\/comments?post=392"}],"version-history":[{"count":4,"href":"https:\/\/www.grandchamp78.fr\/index.php\/wp-json\/wp\/v2\/pages\/392\/revisions"}],"predecessor-version":[{"id":439,"href":"https:\/\/www.grandchamp78.fr\/index.php\/wp-json\/wp\/v2\/pages\/392\/revisions\/439"}],"wp:attachment":[{"href":"https:\/\/www.grandchamp78.fr\/index.php\/wp-json\/wp\/v2\/media?parent=392"}],"curies":[{"name":"wp","href":"https:\/\/api.w.org\/{rel}","templated":true}]}}