{"id":326,"date":"2024-10-06T11:14:44","date_gmt":"2024-10-06T09:14:44","guid":{"rendered":"https:\/\/www.grandchamp78.fr\/?page_id=326"},"modified":"2026-04-08T11:20:58","modified_gmt":"2026-04-08T09:20:58","slug":"proprete","status":"publish","type":"page","link":"https:\/\/www.grandchamp78.fr\/index.php\/proprete\/","title":{"rendered":"Propret\u00e9"},"content":{"rendered":"\n<p>Les services de propret\u00e9 sont g\u00e9r\u00e9s par la <a href=\"https:\/\/www.cc-payshoudanais.fr\/gerer-le-quotidien\/dechets\" target=\"_blank\" rel=\"noreferrer noopener\">CCPH<\/a>.<\/p>\n\n\n\n<p>Chaque habitation poss\u00e8de 3 bacs :<\/p>\n\n\n\n<ul class=\"wp-block-list\">\n<li>le bac jaune pour les emballages et d\u00e9chets recyclables<\/li>\n\n\n\n<li>le bac vert pour les ordures m\u00e9nag\u00e8res<\/li>\n\n\n\n<li>le bac marron pour les d\u00e9chets verts<\/li>\n<\/ul>\n\n\n\n<p class=\"ticss-04b5c48b\">Les bacs jaunes et verts sont collect\u00e9s le vendredi.<br>Le bac marron est collect\u00e9 le mardi. Cette collecte est assur\u00e9e hebdomadairement du printemps jusqu&rsquo;\u00e0 d\u00e9but d\u00e9cembre, seulement une semaine sur deux l&rsquo;\u00e9t\u00e9.<\/p>\n\n\n\n<p>Le passage des encombrants se fait uniquement sur rendez-vous (contacter Sepur au 01 30 79 31 70).<\/p>\n\n\n\n<p>La d\u00e9chetterie la plus proche est situ\u00e9e aux Joncs, \u00e0 Boutigny.<\/p>\n\n\n\n<p>Un container \u00e0 verre est disponible sur le parking de la mairie.<\/p>\n\n\n\n<p>Contactez la CCPH \u00e0 l&rsquo;adresse mail dechets@cc-payshoudanais.fr ou au 01 30 88 76 63<\/p>\n","protected":false},"excerpt":{"rendered":"<p>Les services de propret\u00e9 sont g\u00e9r\u00e9s par la CCPH. Chaque habitation poss\u00e8de 3 bacs : Les bacs jaunes et verts sont collect\u00e9s le vendredi.Le bac marron est collect\u00e9 le mardi. Cette collecte est assur\u00e9e hebdomadairement du printemps jusqu&rsquo;\u00e0 d\u00e9but d\u00e9cembre, seulement une semaine sur deux l&rsquo;\u00e9t\u00e9. Le passage des encombrants se fait uniquement sur rendez-vous [&hellip;]<\/p>\n","protected":false},"author":1,"featured_media":0,"parent":0,"menu_order":0,"comment_status":"closed","ping_status":"closed","template":"","meta":{"_themeisle_gutenberg_block_has_review":false,"footnotes":""},"class_list":["post-326","page","type-page","status-publish","hentry"],"_links":{"self":[{"href":"https:\/\/www.grandchamp78.fr\/index.php\/wp-json\/wp\/v2\/pages\/326","targetHints":{"allow":["GET"]}}],"collection":[{"href":"https:\/\/www.grandchamp78.fr\/index.php\/wp-json\/wp\/v2\/pages"}],"about":[{"href":"https:\/\/www.grandchamp78.fr\/index.php\/wp-json\/wp\/v2\/types\/page"}],"author":[{"embeddable":true,"href":"https:\/\/www.grandchamp78.fr\/index.php\/wp-json\/wp\/v2\/users\/1"}],"replies":[{"embeddable":true,"href":"https:\/\/www.grandchamp78.fr\/index.php\/wp-json\/wp\/v2\/comments?post=326"}],"version-history":[{"count":16,"href":"https:\/\/www.grandchamp78.fr\/index.php\/wp-json\/wp\/v2\/pages\/326\/revisions"}],"predecessor-version":[{"id":1410,"href":"https:\/\/www.grandchamp78.fr\/index.php\/wp-json\/wp\/v2\/pages\/326\/revisions\/1410"}],"wp:attachment":[{"href":"https:\/\/www.grandchamp78.fr\/index.php\/wp-json\/wp\/v2\/media?parent=326"}],"curies":[{"name":"wp","href":"https:\/\/api.w.org\/{rel}","templated":true}]}}